{"id":12,"date":"2022-01-25T16:40:20","date_gmt":"2022-01-25T16:40:20","guid":{"rendered":"https:\/\/grandesminivueltas.com\/?page_id=12"},"modified":"2023-01-17T23:50:16","modified_gmt":"2023-01-17T22:50:16","slug":"quienes-somos","status":"publish","type":"page","link":"https:\/\/grandesminivueltas.com\/index.php\/quienes-somos\/","title":{"rendered":"\u00bfQui\u00e9nes somos?"},"content":{"rendered":"\r\n<ul>\r\n<li><strong>\u00bfQu\u00e9 es Grandes miniVueltas?<\/strong><\/li>\r\n<\/ul>\r\n<p>Grandes miniVueltas es un juego de ciclismo que consiste en elegir corredores de cerca de cien pruebas ciclistas profesionales (masculinas y femeninas) a lo largo del a\u00f1o para conseguir la mayor cantidad de puntos posibles. Cada carrera es independiente y tiene sus propios ganadores, aunque existen rankings anuales y en las grandes vueltas existe un sistema de divisiones con distinto presupuesto seg\u00fan los resultados anteriores en las mismas. Puedes consultar las normas pinchando en el <a href=\"https:\/\/grandesminivueltas.com\/index.php\/normas\/\">enlace.<\/a><\/p>\r\n<p>Es importante destacar que el juego es gratuito y no reporta beneficio econ\u00f3mico a nadie, ni ninguno de los organizadores cobra un salario por organizarlo, por lo que es algo voluntario que en ocasiones hace que haya cambios en las pruebas o retrasos en la informaci\u00f3n, pero a la vez le da un encanto y un sentimiento de familia que tiene su encanto especial. Tampoco hay premios a los ganadores m\u00e1s all\u00e1 de la satisfacci\u00f3n personal y el reconocimiento del resto de jugadores y seguidores.<\/p>\r\n<ul>\r\n<li><strong>Origen e historia<\/strong><\/li>\r\n<\/ul>\r\n<p>El juego de Grandes miniVueltas tiene su origen en el foro de ACB.com donde algunos usuarios empezaron a hacer all\u00e1 por el Tour de 2004 un juego para las grandes vueltas ciclistas. Con los a\u00f1os se fue aumentando el n\u00famero de participantes y se hizo necesario crear distintas divisiones para que los ascensos y descensos hicieran que el inter\u00e9s se mantuviera para todos durante las tres semanas. En 2017 el juego empieza a extenderse m\u00e1s all\u00e1 del propio foro al crearse la cuenta de Twitter. Es en 2018 cuando se produce la gran expansi\u00f3n del juego por dos v\u00edas: por una parte, se crea un grupo de whatsapp para seguir las carreras y comentar; por otro lado, el usuario Hill que por entonces organizaba la pr\u00e1ctica totalidad del juego decide extender el sistema a otras pruebas fuera de las grandes vueltas, como son las vueltas de una semana y cl\u00e1sicas (aunque estas se hac\u00edan con otro sistema de puntos, por eso no se incluyen en el p\u00e1lmar\u00e9s). En 2019 se adquiere el dominio de grandesminivueltas.com para alojar los makers (as\u00ed llamamos al sistema generado por el usuario \u00abgoupri\u00bb para crear los equipos, que en origen no exist\u00eda y se hac\u00edan a mano, cada uno con su libreta y boli) y se establece el actual sistema con rankings anuales, cl\u00e1sicas y minivueltas con un mismo sistema, se incluyen en este a\u00f1o las primeras pruebas femeninas y siempre por encima de las 50 carreras anuales, casi todo gestionado por Hill.<br \/><br \/>A finales de 2020, tras el duro primer a\u00f1o de la pandemia, Hill dimite y deja el juego en manos de un grupo de jugadores que a partir de 2021 se encarga de la gesti\u00f3n del mismo (con diferentes cambios con el tiempo, incluida la reinclusi\u00f3n de Hill al grupo en 2022). En 2022 se crea el grupo de difusi\u00f3n de Telegram y en 2023 se crea esta p\u00e1gina web para organizar y conservar toda la informaci\u00f3n del juego y facilitar el seguimiento y participaci\u00f3n.<\/p>\r\n<ul>\r\n<li><strong>Composici\u00f3n actual del grupo organizador<\/strong><\/li>\r\n<\/ul>\r\n<p>Nombres de usuario en el juego: <em>amc81granada, Hill, IBM, pablogomez, SC30KT11 y walter. <\/em><\/p>\r\n<p>Adem\u00e1s, colaboran con las carreras femeninas<em> Amitx, DaMaCre y PabloD_Pavel.<\/em><\/p>\r\n<ul>\r\n<li>Se puede <strong>contactar con el grupo organizador <\/strong>de Grandes MiniVueltas en diversos medios:<\/li>\r\n<\/ul>\r\n<p><strong>e-mail:<\/strong> <em>grandesminivueltas@gmail.com<\/em><\/p>\r\n<p><strong>twitter:<\/strong> <em>@grandesvueltas1<\/em><\/p>\r\n<p><strong>telegram <\/strong>en el grupo del siguiente enlace:\u00a0<em>t.me\/Res_gmV<\/em><\/p>\r\n<p><strong>whatsapp <\/strong>en el grupo del siguiente enlace:\u00a0<em>https:\/\/chat.whatsapp.com\/LWjvMxtXUTT6jFzKAQR44D<\/em><\/p>\r\n<p>Adem\u00e1s del grupo de resultados que se pone aqu\u00ed que es s\u00f3lo para informaci\u00f3n y resultados donde s\u00f3lo los organizadores pueden escribir, existe un grupo de whatsapp privado donde se puede conversar y seguir las carreras junto al resto de usuarios, para participar en \u00e9l contactar con la organizaci\u00f3n.<\/p>\r\n","protected":false},"excerpt":{"rendered":"<p>\u00bfQu\u00e9 es Grandes miniVueltas? Grandes miniVueltas es un juego de ciclismo que consiste en elegir corredores de cerca de cien pruebas ciclistas profesionales (masculinas y<\/p>\n","protected":false},"author":1,"featured_media":0,"parent":0,"menu_order":0,"comment_status":"closed","ping_status":"closed","template":"","meta":{"footnotes":""},"class_list":["post-12","page","type-page","status-publish","hentry"],"_links":{"self":[{"href":"https:\/\/grandesminivueltas.com\/index.php\/wp-json\/wp\/v2\/pages\/12","targetHints":{"allow":["GET"]}}],"collection":[{"href":"https:\/\/grandesminivueltas.com\/index.php\/wp-json\/wp\/v2\/pages"}],"about":[{"href":"https:\/\/grandesminivueltas.com\/index.php\/wp-json\/wp\/v2\/types\/page"}],"author":[{"embeddable":true,"href":"https:\/\/grandesminivueltas.com\/index.php\/wp-json\/wp\/v2\/users\/1"}],"replies":[{"embeddable":true,"href":"https:\/\/grandesminivueltas.com\/index.php\/wp-json\/wp\/v2\/comments?post=12"}],"version-history":[{"count":6,"href":"https:\/\/grandesminivueltas.com\/index.php\/wp-json\/wp\/v2\/pages\/12\/revisions"}],"predecessor-version":[{"id":255,"href":"https:\/\/grandesminivueltas.com\/index.php\/wp-json\/wp\/v2\/pages\/12\/revisions\/255"}],"wp:attachment":[{"href":"https:\/\/grandesminivueltas.com\/index.php\/wp-json\/wp\/v2\/media?parent=12"}],"curies":[{"name":"wp","href":"https:\/\/api.w.org\/{rel}","templated":true}]}}